{"id":861,"date":"2021-02-16T16:54:33","date_gmt":"2021-02-16T13:54:33","guid":{"rendered":"http:\/\/www.shahzadehigual.com\/?page_id=861"},"modified":"2021-02-16T17:22:49","modified_gmt":"2021-02-16T14:22:49","slug":"obra","status":"publish","type":"page","link":"http:\/\/www.shahzadehigual.com\/es\/obra\/","title":{"rendered":"OBRA"},"content":{"rendered":"<p>[section label=\u00bbMedia Left\u00bb bg=\u00bb292&#8243; bg_color=\u00bbrgb(193, 193, 193)\u00bb bg_overlay=\u00bbrgba(255, 255, 255, 0.85)\u00bb padding=\u00bb60px\u00bb]<\/p>\n<p>[row style=\u00bblarge\u00bb v_align=\u00bbmiddle\u00bb]<\/p>\n<p>[col span=\u00bb6&#8243; span__sm=\u00bb12&#8243;]<\/p>\n<p>[ux_image id=\u00bb292&#8243;]<\/p>\n<p>[\/col]<br \/>[col span=\u00bb6&#8243; span__sm=\u00bb12&#8243; align=\u00bbleft\u00bb]<\/p>\n<h2><strong>Las Sirenas Rojas de Teher\u00e1n<\/strong><\/h2>\n<p><strong>En el aeropuerto internacional Imam Khomeini, una joven que pasa el control de pasaportes para esperar el vuelo de Estambul recuerda una de sus llegadas anteriores a este aeropuerto: su \u00faltima salida familiar al extranjero, hacia Estambul, tras el fin de la guerra entre Ir\u00e1n e Irak. Se acuerda de su conversaci\u00f3n con su padre quien le asegur\u00f3 de que todo ir\u00eda bien, de las l\u00e1grimas de su madre y de sus dos hermanitas, de sus entrevistas con los agentes de inmigraci\u00f3n y otros \u201cadultos\u201d que la hab\u00edan interrogado primero en Teher\u00e1n y luego en Estambul. Estos recuerdos le hacen dar la vuelta a muchos otros de su infancia: al del gran jard\u00edn a la sombra de los \u00e1rboles de la gran casa de sus abuelos con aroma a jazm\u00edn, al de su afectuosa abuela, de su majestuoso abuelo y de sus h\u00e1biles mayordomos.<\/strong><\/p>\n<p><strong>Cada encuentro, cada caf\u00e9, cada conversaci\u00f3n, cada detalle en el aeropuerto la llevan luego a la destrucci\u00f3n de su infancia: a las noches de ataques a\u00e9reos que tuvo que pasar al abrigo de los s\u00f3tanos de hermosas casas, a la inesperada muerte de su muy joven abuela, a la desaparici\u00f3n de sus primeros amigos queridos de la escuela primaria&#8230;<\/strong><\/p>\n<p><strong>La novela contin\u00faa con flashbacks, describiendo ampliamente no solo el panorama de su infancia en Ir\u00e1n y su adolescencia en Turqu\u00eda o sus vidas, sino tambi\u00e9n el trasfondo de la Revoluci\u00f3n iran\u00ed, las sanciones y el embargo contra Ir\u00e1n, la guerra entre Ir\u00e1n e Irak y los a\u00f1os posteriores a la guerra por una selecci\u00f3n de documentos hist\u00f3ricos trasladados por testimonios personales.<\/strong><\/p>\n<p><strong>La autora lleva al lector a sus clases de turco o a su escuela secundaria en Esmirna, a un caf\u00e9 hist\u00f3rico o a la pasteler\u00eda de un pastelero jud\u00edo en un barrio viejo de Teher\u00e1n, al borde del B\u00f3sforo o al Consulado General de la Rep\u00fablica Isl\u00e1mica de Ir\u00e1n en Estambul o a bien los corredores de un hospital de neumolog\u00eda en Teher\u00e1n durante su transici\u00f3n o transformaci\u00f3n de la ni\u00f1a que era a una mujer joven de treinta y tantos a\u00f1os&#8230;<\/strong><\/p>\n<p><em><strong>\u201cLos ni\u00f1os de la guerra no conocen al cielo azul&#8230;<\/strong><\/em><\/p>\n<p><em><strong>Sus ciudades no acaban de estar pintadas en gris mientras ellos crecen, la lluvia no llega a empapar, la nieve no llega a tapar el color ahumado de la ciudad&#8230;.\u201d<\/strong><\/em><\/p>\n<p><em><strong>\u201c&#8230; Y un gigante bondadoso lleg\u00f3 a la ciudad, para salvar a todos. As\u00ed se acababan todos los cuentos en Teher\u00e1n&#8230;\u201d<\/strong><\/em><\/p>\n<h2><strong>Para comprar el libro<\/strong><\/h2>\n<p>[button text=\u00bbNobel Kitap\u00bb letter_case=\u00bblowercase\u00bb link=\u00bbhttps:\/\/www.nobelkitap.com\/tahranin-kirmizi-sirenleri-331042.html\u00bb target=\u00bb_blank\u00bb]<\/p>\n<p>[button text=\u00bbD&amp;R\u00bb letter_case=\u00bblowercase\u00bb link=\u00bbhttps:\/\/www.dr.com.tr\/Kitap\/Tahran%E2%80%99in-Kirmizi-Sirenleri\/Edebiyat\/Roman\/Turkiye-Roman\/urunno=0001703210001&#8243; target=\u00bb_blank\u00bb]<\/p>\n<p>[button text=\u00bb\u0130DEF\u0130X\u00bb letter_case=\u00bblowercase\u00bb link=\u00bbhttps:\/\/www.idefix.com\/Kitap\/Tahran%E2%80%99in-Kirmizi-Sirenleri\/Edebiyat\/Roman\/Turkiye-Roman\/urunno=0001703210001&#8243; target=\u00bb_blank\u00bb]<\/p>\n<p>[button text=\u00bbKitap Yurdu\u00bb letter_case=\u00bblowercase\u00bb link=\u00bbhttps:\/\/www.kitapyurdu.com\/kitap\/tahranin-kirmizi-sirenleri\/426119.html&amp;manufacturer_id=197096&#8243; target=\u00bb_blank\u00bb]<\/p>\n<p>[\/col]<\/p>\n<p>[\/row]<\/p>\n<p>[\/section]<br \/>[divider]<\/p>\n<p>[section label=\u00bbMedia Left\u00bb bg=\u00bb295&#8243; bg_color=\u00bbrgb(193, 193, 193)\u00bb bg_overlay=\u00bbrgba(255, 255, 255, 0.85)\u00bb padding=\u00bb41px\u00bb]<\/p>\n<p>[row style=\u00bblarge\u00bb v_align=\u00bbmiddle\u00bb]<\/p>\n<p>[col span=\u00bb6&#8243; span__sm=\u00bb12&#8243;]<\/p>\n<p>[ux_image id=\u00bb295&#8243;]<\/p>\n<p>[\/col]<br \/>[col span=\u00bb6&#8243; span__sm=\u00bb12&#8243; align=\u00bbleft\u00bb]<\/p>\n<h2><strong>Han Tiroteado al Rolls-Royce, Pap\u00e1 <\/strong><\/h2>\n<p><strong>Antes de su despedida de Teher\u00e1n hacia Paris, se conf\u00eda un sobre misterioso a la mujer joven, dici\u00e9ndole que dentro habr\u00eda una carta y un reloj. El sobre tiene que estar remitido a Anahita, residente en Paris desde mucho tiempo. La joven, que sufri\u00f3 bastante de nostalgia de patria, sabe muy bien que algunas cartas llevan tristeza y lamento. Acaricia, huele, pero no abre el sobre marcado \u201cA Anahita\u201d que estuvo guardado durante a\u00f1os en la casa con aroma de rosas. Su encuentro con Anahita va ser un punto de retorno importante para ambas mujeres, oblig\u00e1ndoles a confrontarse con las memorias que surgen de su pasado com\u00fan.<\/strong><\/p>\n<p><strong>Una noche tocan la puerta de la mansi\u00f3n de un matrimonio mayor mientras, por casualidad, o de hecho como de costumbre, su hija y nieta estaban de visita. De repente, se asoma el hijo mayor de la familia diciendo que lo estaban siguiendo por la calle y, a continuaci\u00f3n, paran unos coches delante de la casa. Un grupo de hombres sin uniformes pero con aires de agentes bajan de los coches y preguntan d\u00f3nde est\u00e1 el joven y comienza la inquisici\u00f3n y el cacheo. Los hombres no desordenan solo las salas, los armarios y cajones, las antig\u00fcedades de la casa, sino tambi\u00e9n la mente de los miembros de la familia y de sus mayordomos. As\u00ed empieza el lector a recorrer las reliquias de la familia con puertas que no solo dividen sino que tambi\u00e9n son para unir adyacentes, con j\u00f3venes enamorados de sus vecinos coet\u00e1neos en condiciones imprevisibles, con trasfondos de la Revoluci\u00f3n iran\u00ed y su repercusi\u00f3n, con la terrible guerra inmediata y j\u00f3venes traumatizados y, sobre todo, con el historial detallado de la traici\u00f3n infame de la paramilitar Organizaci\u00f3n de los Muyahidines del Pueblo de Ir\u00e1n a su pueblo mismo&#8230;<\/strong><\/p>\n<p><strong>El roman tambi\u00e9n proyecta un paralelismo en la sociedad turca por el eco del terrible asesinato del periodista intr\u00e9pido turco Ugur Mumcu, en el comportamiento inapropiado de una profesora que traspasa la raya discriminando a la ni\u00f1a inmigrante en su clase de un colegio prestigioso de Esmirna.<\/strong><\/p>\n<p><strong>La autora narra sus memorias en su habitaci\u00f3n de hotel, por las calles hist\u00f3ricas de Monmartre o de Champs-Elys\u00e9es o su caf\u00e9 favorito en Par\u00eds. Tambi\u00e9n en los comercios de un viejo Armenio o de un anciano Jud\u00edo en un antiguo barrio residencial de Teher\u00e1n, sin que ella y Anahita se levanten de sus sillas en el caf\u00e9 donde se encontraron. El roman se culmina con un fin no imprevisible pero sin duda inesperado.<\/strong><\/p>\n<p><em><strong>\u201cYo abrac\u00e9 mi infancia y ella su juventud por delante de los ojos una ciudad ajena que se preparaba a quedarse dormida. Y despu\u00e9s andamos hacia otros caminos. Par\u00e1ndonos cada pocos pasos para mirar hacia atr\u00e1s, rezando por ser entre los poqu\u00edsimos sobrevivientes, nos miramos, hasta que giramos unas esquina de unas calles, nos miramos.\u201d<\/strong><\/em><\/p>\n<h2><strong>Para comprar el libro<\/strong><\/h2>\n<p>[button text=\u00bbNobel Kitap\u00bb letter_case=\u00bblowercase\u00bb link=\u00bbhttps:\/\/www.nobelkitap.com\/rolls-royceu-taramislar-baba-387927.html\u00bb target=\u00bb_blank\u00bb]<\/p>\n<p>[button text=\u00bbD&amp;R\u00bb letter_case=\u00bblowercase\u00bb link=\u00bbhttps:\/\/www.dr.com.tr\/Kitap\/Rolls-Royceu-Taramislar-Baba\/Edebiyat\/Roman\/Dunya-Roman\/urunno=0001780710001&#8243; target=\u00bb_blank\u00bb]<\/p>\n<p>[button text=\u00bb\u0130DEF\u0130X\u00bb letter_case=\u00bblowercase\u00bb link=\u00bbhttps:\/\/www.idefix.com\/Kitap\/Rolls-Royceu-Taramislar-Baba\/Edebiyat\/Roman\/Dunya-Roman\/urunno=0001780710001&#8243; target=\u00bb_blank\u00bb]<\/p>\n<p>[button text=\u00bbKitap Yurdu\u00bb letter_case=\u00bblowercase\u00bb link=\u00bbhttps:\/\/www.kitapyurdu.com\/kitap\/rolls-royceu-taramislar-baba-\/478660.html\u00bb target=\u00bb_blank\u00bb]<\/p>\n<p>[\/col]<\/p>\n<p>[\/row]<\/p>\n<p>[\/section]<\/p>\n\n\n<p><\/p>\n","protected":false},"excerpt":{"rendered":"<p>[section label=\u00bbMedia Left\u00bb bg=\u00bb292&#8243; bg_color=\u00bbrgb(193, 193, 193)\u00bb bg_overlay=\u00bbrgba(255, 255, 255, 0.85)\u00bb padding=\u00bb60px\u00bb] [row style=\u00bblarge\u00bb v_align=\u00bbmiddle\u00bb] [col span=\u00bb6&#8243; span__sm=\u00bb12&#8243;] [ux_image id=\u00bb292&#8243;] [\/col][col span=\u00bb6&#8243; span__sm=\u00bb12&#8243; align=\u00bbleft\u00bb] Las Sirenas Rojas de Teher\u00e1n En el aeropuerto internacional Imam Khomeini, una joven que pasa el control de pasaportes para esperar el vuelo de Estambul recuerda una de sus llegadas anteriores [&hellip;]<\/p>\n","protected":false},"author":1,"featured_media":0,"parent":0,"menu_order":0,"comment_status":"closed","ping_status":"closed","template":"page-templates\/full-width-page.php","meta":{"om_disable_all_campaigns":false,"_monsterinsights_skip_tracking":false,"_monsterinsights_sitenote_active":false,"_monsterinsights_sitenote_note":"","_monsterinsights_sitenote_category":0,"_uf_show_specific_survey":0,"_uf_disable_surveys":false,"footnotes":""},"class_list":["post-861","page","type-page","status-publish","hentry"],"aioseo_notices":[],"_links":{"self":[{"href":"http:\/\/www.shahzadehigual.com\/es\/wp-json\/wp\/v2\/pages\/861\/"}],"collection":[{"href":"http:\/\/www.shahzadehigual.com\/es\/wp-json\/wp\/v2\/pages\/"}],"about":[{"href":"http:\/\/www.shahzadehigual.com\/es\/wp-json\/wp\/v2\/types\/page\/"}],"author":[{"embeddable":true,"href":"http:\/\/www.shahzadehigual.com\/es\/wp-json\/wp\/v2\/users\/1\/"}],"replies":[{"embeddable":true,"href":"http:\/\/www.shahzadehigual.com\/es\/wp-json\/wp\/v2\/comments\/?post=861"}],"version-history":[{"count":3,"href":"http:\/\/www.shahzadehigual.com\/es\/wp-json\/wp\/v2\/pages\/861\/revisions\/"}],"predecessor-version":[{"id":870,"href":"http:\/\/www.shahzadehigual.com\/es\/wp-json\/wp\/v2\/pages\/861\/revisions\/870\/"}],"wp:attachment":[{"href":"http:\/\/www.shahzadehigual.com\/es\/wp-json\/wp\/v2\/media\/?parent=861"}],"curies":[{"name":"wp","href":"https:\/\/api.w.org\/{rel}","templated":true}]}}